{"id":6569,"date":"2019-01-28T15:32:07","date_gmt":"2019-01-28T14:32:07","guid":{"rendered":"https:\/\/is2.poush-dev.be\/contact\/"},"modified":"2024-02-22T15:10:19","modified_gmt":"2024-02-22T14:10:19","slug":"contacto","status":"publish","type":"page","link":"https:\/\/www.is2.be\/es\/contacto\/","title":{"rendered":"Contacto"},"content":{"rendered":"<div class=\"wpb-content-wrapper\"><p>[vc_row full_width=\u00bbstretch_row\u00bb gap=\u00bb15&#8243; equal_height=\u00bbyes\u00bb bg_type=\u00bbimage\u00bb parallax_style=\u00bbvcpb-default\u00bb bg_image_new=\u00bbid^6076|url^https:\/\/www.is2.be\/wp-content\/uploads\/2024\/02\/bg-2.png|caption^null|alt^null|title^bg-2|description^null\u00bb bg_image_repeat=\u00bbno-repeat\u00bb bg_image_size=\u00bbcontain\u00bb bg_image_posiiton=\u00bbright bottom\u00bb bg_override=\u00bbex-full\u00bb enable_overlay=\u00bbenable_overlay_value\u00bb overlay_color=\u00bbrgba(255,255,255,0.01)\u00bb css=\u00bb.vc_custom_1707924530431{padding-bottom: 80px !important;}\u00bb el_class=\u00bbcustom-radius-bottom-black\u00bb][vc_column][vc_column_text css_animation=\u00bbfadeIn\u00bb]<\/p>\n<h2>\u00bfEn qu\u00e9 podemos ayudarle?<\/h2>\n<p>[\/vc_column_text][\/vc_column][vc_column width=\u00bb1\/2&#8243; el_class=\u00bbcustom-shadow-col custom-glass-col\u00bb]<style type=\"text\/css\" data-type=\"the7_shortcodes-inline-css\">.shortcode-single-image-wrap.shortcode-single-image-cc17e3f7e68c6855cf92a786b752fcc7.enable-bg-rollover .rollover i,\n.shortcode-single-image-wrap.shortcode-single-image-cc17e3f7e68c6855cf92a786b752fcc7.enable-bg-rollover .rollover-video i {\n  background: -webkit-linear-gradient();\n  background: linear-gradient();\n}\n.shortcode-single-image-wrap.shortcode-single-image-cc17e3f7e68c6855cf92a786b752fcc7 .rollover-icon {\n  font-size: 32px;\n  color: #ffffff;\n  min-width: 44px;\n  min-height: 44px;\n  line-height: 44px;\n  border-radius: 100px;\n  border-style: solid;\n  border-width: 0px;\n}\n.dt-icon-bg-on.shortcode-single-image-wrap.shortcode-single-image-cc17e3f7e68c6855cf92a786b752fcc7 .rollover-icon {\n  background: rgba(255,255,255,0.3);\n  box-shadow: none;\n}<\/style><div class=\"shortcode-single-image-wrap shortcode-single-image-cc17e3f7e68c6855cf92a786b752fcc7 alignleft fadeIn animate-element  enable-bg-rollover dt-icon-bg-off\" style=\"margin-top:0px; margin-bottom:0px; margin-left:0px; margin-right:0px; width:80px;\"><div class=\"shortcode-single-image\"><div class=\"fancy-media-wrap\" style=\"\"><img loading=\"lazy\" decoding=\"async\" class=\"preload-me aspect\" src=\"https:\/\/www.is2.be\/wp-content\/uploads\/2024\/02\/8.svg\" srcset=\"https:\/\/www.is2.be\/wp-content\/uploads\/2024\/02\/8.svg 80w\" sizes=\"auto, (max-width: 80px) 100vw, 80px\" width=\"80\" height=\"80\"  data-dt-location=\"https:\/\/www.is2.be\/es\/nos-logiciels\/attachment\/8\/\" style=\"--ratio: 80 \/ 80;\" alt=\"\" \/><\/div><\/div><\/div>[vc_empty_space height=\u00bb35px\u00bb][vc_column_text el_class=\u00bbcustom-small\u00bb css=\u00bb.vc_custom_1707992637012{margin-bottom: 0px !important;}\u00bb]<\/p>\n<h3>C\u00f3mo encontrarnos<\/h3>\n<p>16 Rue de la Fa\u00efence<br \/>\n5300 Andenne<br \/>\nB\u00e9lgica[\/vc_column_text][\/vc_column][vc_column width=\u00bb1\/2&#8243; el_class=\u00bbcustom-shadow-col custom-glass-col\u00bb]<style type=\"text\/css\" data-type=\"the7_shortcodes-inline-css\">.shortcode-single-image-wrap.shortcode-single-image-3df2496f723d1669ec77f7f11f4ca72c.enable-bg-rollover .rollover i,\n.shortcode-single-image-wrap.shortcode-single-image-3df2496f723d1669ec77f7f11f4ca72c.enable-bg-rollover .rollover-video i {\n  background: -webkit-linear-gradient();\n  background: linear-gradient();\n}\n.shortcode-single-image-wrap.shortcode-single-image-3df2496f723d1669ec77f7f11f4ca72c .rollover-icon {\n  font-size: 32px;\n  color: #ffffff;\n  min-width: 44px;\n  min-height: 44px;\n  line-height: 44px;\n  border-radius: 100px;\n  border-style: solid;\n  border-width: 0px;\n}\n.dt-icon-bg-on.shortcode-single-image-wrap.shortcode-single-image-3df2496f723d1669ec77f7f11f4ca72c .rollover-icon {\n  background: rgba(255,255,255,0.3);\n  box-shadow: none;\n}<\/style><div class=\"shortcode-single-image-wrap shortcode-single-image-3df2496f723d1669ec77f7f11f4ca72c alignleft fadeIn animate-element  enable-bg-rollover dt-icon-bg-off\" style=\"margin-top:0px; margin-bottom:0px; margin-left:0px; margin-right:0px; width:80px;\"><div class=\"shortcode-single-image\"><div class=\"fancy-media-wrap\" style=\"\"><img loading=\"lazy\" decoding=\"async\" class=\"preload-me aspect\" src=\"https:\/\/www.is2.be\/wp-content\/uploads\/2024\/02\/9.svg\" srcset=\"https:\/\/www.is2.be\/wp-content\/uploads\/2024\/02\/9.svg 80w\" sizes=\"auto, (max-width: 80px) 100vw, 80px\" width=\"80\" height=\"80\"  data-dt-location=\"https:\/\/www.is2.be\/es\/contact\/attachment\/9\/\" style=\"--ratio: 80 \/ 80;\" alt=\"\" \/><\/div><\/div><\/div>[vc_empty_space height=\u00bb35px\u00bb][vc_column_text el_class=\u00bbcustom-small\u00bb css=\u00bb.vc_custom_1707992652896{margin-bottom: 15px !important;}\u00bb]<\/p>\n<h3>Contacto<\/h3>\n<p>[\/vc_column_text]<div class=\"uavc-list-icon uavc-list-icon-wrapper ult-adjust-bottom-margin   \"><ul class=\"uavc-list\"><li><div class=\"uavc-list-content\" id=\"list-icon-wrap-6072\">\n<div class=\"uavc-list-icon  \" data-animation=\"\" data-animation-delay=\"03\" style=\"margin-right:15px;\"><div class=\"ult-just-icon-wrapper  \"><div class=\"align-icon\" style=\"text-align:center;\">\n<div class=\"aio-icon none \"  style=\"color:#c51e26;font-size:20px;display:inline-block;\">\n\t<i class=\"icomoon-the7-font-the7-phone-03\"><\/i>\n<\/div><\/div><\/div>\n<\/div><span  data-ultimate-target='#list-icon-wrap-6072 .uavc-list-desc'  data-responsive-json-new='{\"font-size\":\"\",\"line-height\":\"\"}'  class=\"uavc-list-desc ult-responsive\" style=\"\"><a href=\"tel:003285240836\">+32 85 24 08 36<\/a><\/span><\/div><\/li><li><div class=\"uavc-list-content\" id=\"list-icon-wrap-9222\">\n<div class=\"uavc-list-icon  \" data-animation=\"\" data-animation-delay=\"03\" style=\"margin-right:15px;\"><div class=\"ult-just-icon-wrapper  \"><div class=\"align-icon\" style=\"text-align:center;\">\n<div class=\"aio-icon none \"  style=\"color:#c51e26;font-size:20px;display:inline-block;\">\n\t<i class=\"Defaults-envelope-o\"><\/i>\n<\/div><\/div><\/div>\n<\/div><span  data-ultimate-target='#list-icon-wrap-9222 .uavc-list-desc'  data-responsive-json-new='{\"font-size\":\"\",\"line-height\":\"\"}'  class=\"uavc-list-desc ult-responsive\" style=\"\"><a href=\"mailto:istrac.contact@is2.be\">istrac.contact@is2.be<\/a><\/span><\/div><\/li><\/ul><\/div>[\/vc_column][vc_column css=\u00bb.vc_custom_1706863380132{padding-top: 0px !important;}\u00bb]<div class=\"ult-spacer spacer-69f60451c1ea4\" data-id=\"69f60451c1ea4\" data-height=\"100\" data-height-mobile=\"0\" data-height-tab=\"100\" data-height-tab-portrait=\"0\" data-height-mobile-landscape=\"0\" style=\"clear:both;display:block;\"><\/div>[\/vc_column][\/vc_row]<\/p>\n<\/div>","protected":false},"excerpt":{"rendered":"<p>[vc_row full_width=\u00bbstretch_row\u00bb gap=\u00bb15&#8243; equal_height=\u00bbyes\u00bb bg_type=\u00bbimage\u00bb parallax_style=\u00bbvcpb-default\u00bb bg_image_new=\u00bbid^6076|url^https:\/\/www.is2.be\/wp-content\/uploads\/2024\/02\/bg-2.png|caption^null|alt^null|title^bg-2|description^null\u00bb bg_image_repeat=\u00bbno-repeat\u00bb bg_image_size=\u00bbcontain\u00bb bg_image_posiiton=\u00bbright bottom\u00bb bg_override=\u00bbex-full\u00bb enable_overlay=\u00bbenable_overlay_value\u00bb overlay_color=\u00bbrgba(255,255,255,0.01)\u00bb css=\u00bb.vc_custom_1707924530431{padding-bottom: 80px !important;}\u00bb el_class=\u00bbcustom-radius-bottom-black\u00bb][vc_column][vc_column_text css_animation=\u00bbfadeIn\u00bb] \u00bfEn qu\u00e9 podemos ayudarle? [\/vc_column_text][\/vc_column][vc_column width=\u00bb1\/2&#8243; el_class=\u00bbcustom-shadow-col custom-glass-col\u00bb][vc_empty_space height=\u00bb35px\u00bb][vc_column_text el_class=\u00bbcustom-small\u00bb css=\u00bb.vc_custom_1707992637012{margin-bottom: 0px !important;}\u00bb] C\u00f3mo encontrarnos 16 Rue de la Fa\u00efence 5300 Andenne B\u00e9lgica[\/vc_column_text][\/vc_column][vc_column width=\u00bb1\/2&#8243; el_class=\u00bbcustom-shadow-col custom-glass-col\u00bb][vc_empty_space height=\u00bb35px\u00bb][vc_column_text el_class=\u00bbcustom-small\u00bb css=\u00bb.vc_custom_1707992652896{margin-bottom: 15px !important;}\u00bb] Contacto [\/vc_column_text][\/vc_column][vc_column css=\u00bb.vc_custom_1706863380132{padding-top: 0px !important;}\u00bb][\/vc_column][\/vc_row]<\/p>\n","protected":false},"author":3,"featured_media":0,"parent":0,"menu_order":50,"comment_status":"closed","ping_status":"closed","template":"","meta":{"inline_featured_image":false,"footnotes":""},"class_list":["post-6569","page","type-page","status-publish","hentry","description-off"],"yoast_head":"<!-- This site is optimized with the Yoast SEO plugin v27.5 - https:\/\/yoast.com\/product\/yoast-seo-wordpress\/ -->\n<title>Contacto IS2 | Dise\u00f1ador de software industrial en B\u00e9lgica<\/title>\n<meta name=\"description\" content=\"P\u00f3ngase en contacto con el proveedor belga IS2 para obtener m\u00e1s informaci\u00f3n sobre su paquete de software y soluciones a medida para la industria.\" \/>\n<meta name=\"robots\" content=\"index, follow, max-snippet:-1, max-image-preview:large, max-video-preview:-1\" \/>\n<link rel=\"canonical\" href=\"https:\/\/www.is2.be\/es\/contacto\/\" \/>\n<meta property=\"og:locale\" content=\"es_ES\" \/>\n<meta property=\"og:type\" content=\"article\" \/>\n<meta property=\"og:title\" content=\"Contacto IS2 | Dise\u00f1ador de software industrial en B\u00e9lgica\" \/>\n<meta property=\"og:description\" content=\"P\u00f3ngase en contacto con el proveedor belga IS2 para obtener m\u00e1s informaci\u00f3n sobre su paquete de software y soluciones a medida para la industria.\" \/>\n<meta property=\"og:url\" content=\"https:\/\/www.is2.be\/es\/contacto\/\" \/>\n<meta property=\"og:site_name\" content=\"IS2\" \/>\n<meta property=\"article:modified_time\" content=\"2024-02-22T14:10:19+00:00\" \/>\n<meta name=\"twitter:card\" content=\"summary_large_image\" \/>\n<meta name=\"twitter:label1\" content=\"Tiempo de lectura\" \/>\n\t<meta name=\"twitter:data1\" content=\"1 minuto\" \/>\n<script type=\"application\/ld+json\" class=\"yoast-schema-graph\">{\"@context\":\"https:\\\/\\\/schema.org\",\"@graph\":[{\"@type\":\"WebPage\",\"@id\":\"https:\\\/\\\/www.is2.be\\\/es\\\/contacto\\\/\",\"url\":\"https:\\\/\\\/www.is2.be\\\/es\\\/contacto\\\/\",\"name\":\"Contacto IS2 | Dise\u00f1ador de software industrial en B\u00e9lgica\",\"isPartOf\":{\"@id\":\"https:\\\/\\\/www.is2.be\\\/es\\\/#website\"},\"datePublished\":\"2019-01-28T14:32:07+00:00\",\"dateModified\":\"2024-02-22T14:10:19+00:00\",\"description\":\"P\u00f3ngase en contacto con el proveedor belga IS2 para obtener m\u00e1s informaci\u00f3n sobre su paquete de software y soluciones a medida para la industria.\",\"breadcrumb\":{\"@id\":\"https:\\\/\\\/www.is2.be\\\/es\\\/contacto\\\/#breadcrumb\"},\"inLanguage\":\"es\",\"potentialAction\":[{\"@type\":\"ReadAction\",\"target\":[\"https:\\\/\\\/www.is2.be\\\/es\\\/contacto\\\/\"]}]},{\"@type\":\"BreadcrumbList\",\"@id\":\"https:\\\/\\\/www.is2.be\\\/es\\\/contacto\\\/#breadcrumb\",\"itemListElement\":[{\"@type\":\"ListItem\",\"position\":1,\"name\":\"Home\",\"item\":\"https:\\\/\\\/www.is2.be\\\/es\\\/\"},{\"@type\":\"ListItem\",\"position\":2,\"name\":\"Contacto\"}]},{\"@type\":\"WebSite\",\"@id\":\"https:\\\/\\\/www.is2.be\\\/es\\\/#website\",\"url\":\"https:\\\/\\\/www.is2.be\\\/es\\\/\",\"name\":\"IS2\",\"description\":\"Interface Soft Service\",\"potentialAction\":[{\"@type\":\"SearchAction\",\"target\":{\"@type\":\"EntryPoint\",\"urlTemplate\":\"https:\\\/\\\/www.is2.be\\\/es\\\/?s={search_term_string}\"},\"query-input\":{\"@type\":\"PropertyValueSpecification\",\"valueRequired\":true,\"valueName\":\"search_term_string\"}}],\"inLanguage\":\"es\"}]}<\/script>\n<!-- \/ Yoast SEO plugin. -->","yoast_head_json":{"title":"Contacto IS2 | Dise\u00f1ador de software industrial en B\u00e9lgica","description":"P\u00f3ngase en contacto con el proveedor belga IS2 para obtener m\u00e1s informaci\u00f3n sobre su paquete de software y soluciones a medida para la industria.","robots":{"index":"index","follow":"follow","max-snippet":"max-snippet:-1","max-image-preview":"max-image-preview:large","max-video-preview":"max-video-preview:-1"},"canonical":"https:\/\/www.is2.be\/es\/contacto\/","og_locale":"es_ES","og_type":"article","og_title":"Contacto IS2 | Dise\u00f1ador de software industrial en B\u00e9lgica","og_description":"P\u00f3ngase en contacto con el proveedor belga IS2 para obtener m\u00e1s informaci\u00f3n sobre su paquete de software y soluciones a medida para la industria.","og_url":"https:\/\/www.is2.be\/es\/contacto\/","og_site_name":"IS2","article_modified_time":"2024-02-22T14:10:19+00:00","twitter_card":"summary_large_image","twitter_misc":{"Tiempo de lectura":"1 minuto"},"schema":{"@context":"https:\/\/schema.org","@graph":[{"@type":"WebPage","@id":"https:\/\/www.is2.be\/es\/contacto\/","url":"https:\/\/www.is2.be\/es\/contacto\/","name":"Contacto IS2 | Dise\u00f1ador de software industrial en B\u00e9lgica","isPartOf":{"@id":"https:\/\/www.is2.be\/es\/#website"},"datePublished":"2019-01-28T14:32:07+00:00","dateModified":"2024-02-22T14:10:19+00:00","description":"P\u00f3ngase en contacto con el proveedor belga IS2 para obtener m\u00e1s informaci\u00f3n sobre su paquete de software y soluciones a medida para la industria.","breadcrumb":{"@id":"https:\/\/www.is2.be\/es\/contacto\/#breadcrumb"},"inLanguage":"es","potentialAction":[{"@type":"ReadAction","target":["https:\/\/www.is2.be\/es\/contacto\/"]}]},{"@type":"BreadcrumbList","@id":"https:\/\/www.is2.be\/es\/contacto\/#breadcrumb","itemListElement":[{"@type":"ListItem","position":1,"name":"Home","item":"https:\/\/www.is2.be\/es\/"},{"@type":"ListItem","position":2,"name":"Contacto"}]},{"@type":"WebSite","@id":"https:\/\/www.is2.be\/es\/#website","url":"https:\/\/www.is2.be\/es\/","name":"IS2","description":"Interface Soft Service","potentialAction":[{"@type":"SearchAction","target":{"@type":"EntryPoint","urlTemplate":"https:\/\/www.is2.be\/es\/?s={search_term_string}"},"query-input":{"@type":"PropertyValueSpecification","valueRequired":true,"valueName":"search_term_string"}}],"inLanguage":"es"}]}},"_links":{"self":[{"href":"https:\/\/www.is2.be\/es\/wp-json\/wp\/v2\/pages\/6569","targetHints":{"allow":["GET"]}}],"collection":[{"href":"https:\/\/www.is2.be\/es\/wp-json\/wp\/v2\/pages"}],"about":[{"href":"https:\/\/www.is2.be\/es\/wp-json\/wp\/v2\/types\/page"}],"author":[{"embeddable":true,"href":"https:\/\/www.is2.be\/es\/wp-json\/wp\/v2\/users\/3"}],"replies":[{"embeddable":true,"href":"https:\/\/www.is2.be\/es\/wp-json\/wp\/v2\/comments?post=6569"}],"version-history":[{"count":4,"href":"https:\/\/www.is2.be\/es\/wp-json\/wp\/v2\/pages\/6569\/revisions"}],"predecessor-version":[{"id":6774,"href":"https:\/\/www.is2.be\/es\/wp-json\/wp\/v2\/pages\/6569\/revisions\/6774"}],"wp:attachment":[{"href":"https:\/\/www.is2.be\/es\/wp-json\/wp\/v2\/media?parent=6569"}],"curies":[{"name":"wp","href":"https:\/\/api.w.org\/{rel}","templated":true}]}}